{"id":1439,"date":"2023-11-23T19:20:48","date_gmt":"2023-11-23T19:20:48","guid":{"rendered":"https:\/\/cvit.hr\/?page_id=1439"},"modified":"2023-11-27T20:01:53","modified_gmt":"2023-11-27T20:01:53","slug":"blog","status":"publish","type":"page","link":"https:\/\/cvit.hr\/de\/blog\/","title":{"rendered":"Blog"},"content":{"rendered":"<div class=\"row\"  id=\"row-1499157355\">\n\n\n\t<div id=\"col-243410846\" class=\"col small-12 large-12\"  >\n\t\t\t\t<div class=\"col-inner\"  >\n\t\t\t\n\t\t\t\n\n<div class=\"text-center\"><div class=\"is-divider divider clearfix\" style=\"margin-top:1px;margin-bottom:1px;max-width:0px;height:35px;\"><\/div><\/div>\n\n<div class=\"social-icons follow-icons full-width text-center\" style=\"font-size:134%\"><a href=\"https:\/\/www.instagram.com\/cvit.hr\/\" target=\"_blank\" rel=\"noopener noreferrer nofollow\" data-label=\"Instagram\" class=\"icon button circle is-outline instagram tooltip\" title=\"Folge uns auf Instagram\" aria-label=\"Folge uns auf Instagram\" data-no-translation-title=\"\" data-no-translation-aria-label=\"\" ><i class=\"icon-instagram\" ><\/i><\/a><a href=\"mailto:info@cvit.hr\" data-label=\"E-mail\" target=\"_blank\" rel=\"nofollow\" class=\"icon button circle is-outline email tooltip\" title=\"Sende uns eine email\" aria-label=\"Sende uns eine email\" data-no-translation-title=\"\" data-no-translation-aria-label=\"\" ><i class=\"icon-envelop\" ><\/i><\/a><a href=\"tel:+385977535587\" data-label=\"Phone\" target=\"_blank\" rel=\"nofollow\" class=\"icon button circle is-outline phone tooltip\" title=\"Rufe uns an\" aria-label=\"Rufe uns an\" data-no-translation-title=\"\" data-no-translation-aria-label=\"\" ><i class=\"icon-phone\" ><\/i><\/a><\/div>\n\n\n\t\t<\/div>\n\t\t\t\t\t<\/div>\n\n\t\n\n<\/div>\n\n  \n    <div class=\"row large-columns-3 medium-columns- small-columns-1 row-large row-full-width has-shadow row-box-shadow-3\" >\n  <div class=\"col post-item\" >\n\t\t\t<div class=\"col-inner\">\n\t\t\t\t<div class=\"box box-text-bottom box-blog-post has-hover\">\n            \t\t\t\t\t<div class=\"box-image\" >\n  \t\t\t\t\t\t<div class=\"image-cover\" style=\"padding-top:180px;\">\n\t\t\t\t\t\t\t<a href=\"https:\/\/cvit.hr\/de\/2024\/03\/17\/napravimo-cbd-sol-za-kupanje-zajedno\/\" class=\"plain\" aria-label=\"Napravimo CBD sol za kupanje zajedno\">\n\t\t\t\t\t\t\t\t<img decoding=\"async\" width=\"600\" height=\"400\" src=\"https:\/\/cvit.hr\/wp-content\/uploads\/2024\/03\/pexels-monstera-production-6620860-600x400.jpg\" class=\"attachment-medium size-medium wp-post-image\" alt=\"\" srcset=\"https:\/\/cvit.hr\/wp-content\/uploads\/2024\/03\/pexels-monstera-production-6620860-600x400.jpg 600w, https:\/\/cvit.hr\/wp-content\/uploads\/2024\/03\/pexels-monstera-production-6620860-1200x800.jpg 1200w, https:\/\/cvit.hr\/wp-content\/uploads\/2024\/03\/pexels-monstera-production-6620860-768x512.jpg 768w, https:\/\/cvit.hr\/wp-content\/uploads\/2024\/03\/pexels-monstera-production-6620860-1536x1024.jpg 1536w, https:\/\/cvit.hr\/wp-content\/uploads\/2024\/03\/pexels-monstera-production-6620860-2048x1365.jpg 2048w, https:\/\/cvit.hr\/wp-content\/uploads\/2024\/03\/pexels-monstera-production-6620860-18x12.jpg 18w, https:\/\/cvit.hr\/wp-content\/uploads\/2024\/03\/pexels-monstera-production-6620860-510x340.jpg 510w\" sizes=\"(max-width: 600px) 100vw, 600px\" \/>\t\t\t\t\t\t\t<\/a>\n  \t\t\t\t\t\t\t  \t\t\t\t\t\t\t  \t\t\t\t\t\t<\/div>\n  \t\t\t\t\t\t  \t\t\t\t\t<\/div>\n          \t\t\t\t\t<div class=\"box-text text-center\" >\n\t\t\t\t\t<div class=\"box-text-inner blog-post-inner\">\n\n\t\t\t\t\t\n\t\t\t\t\t\t\t\t\t\t<h5 class=\"post-title is-large\">\n\t\t\t\t\t\t<a href=\"https:\/\/cvit.hr\/de\/2024\/03\/17\/napravimo-cbd-sol-za-kupanje-zajedno\/\" class=\"plain\">Napravimo CBD sol za kupanje zajedno<\/a>\n\t\t\t\t\t<\/h5>\n\t\t\t\t\t\t\t\t\t\t<div class=\"is-divider\"><\/div>\n\t\t\t\t\t\t\t\t\t\t<p class=\"from_the_blog_excerpt\">Za\u0161to CBD kupka? Mediteransko bilje i maslinovo ulje tisu\u0107ama godina su eliksiri ljepote i \u0161iroko [...]\t\t\t\t\t<\/p>\n\t\t\t\t\t                    \n\t\t\t\t\t\n\t\t\t\t\t\n\t\t\t\t\t<\/div>\n\t\t\t\t\t<\/div>\n\t\t\t\t\t\t\t\t\t\t\t\t\t\t\t\t<div class=\"badge absolute top post-date badge-outline\">\n\t\t\t\t\t\t\t<div class=\"badge-inner\">\n\t\t\t\t\t\t\t\t<span class=\"post-date-day\">17<\/span><br>\n\t\t\t\t\t\t\t\t<span class=\"post-date-month is-xsmall\">M\u00e4rz<\/span>\n\t\t\t\t\t\t\t<\/div>\n\t\t\t\t\t\t<\/div>\n\t\t\t\t\t\t\t\t\t<\/div>\n\t\t\t<\/div>\n\t\t<\/div><div class=\"col post-item\" >\n\t\t\t<div class=\"col-inner\">\n\t\t\t\t<div class=\"box box-text-bottom box-blog-post has-hover\">\n            \t\t\t\t\t<div class=\"box-image\" >\n  \t\t\t\t\t\t<div class=\"image-cover\" style=\"padding-top:180px;\">\n\t\t\t\t\t\t\t<a href=\"https:\/\/cvit.hr\/de\/2024\/03\/11\/suplementarno-koristenje-cbd-ulja\/\" class=\"plain\" aria-label=\"Suplementarno kori\u0161tenje CBD ulja\">\n\t\t\t\t\t\t\t\t<img decoding=\"async\" width=\"600\" height=\"400\" src=\"https:\/\/cvit.hr\/wp-content\/uploads\/2024\/03\/pexels-franco-monsalvo-19406087-600x400.jpg\" class=\"attachment-medium size-medium wp-post-image\" alt=\"\" srcset=\"https:\/\/cvit.hr\/wp-content\/uploads\/2024\/03\/pexels-franco-monsalvo-19406087-600x400.jpg 600w, https:\/\/cvit.hr\/wp-content\/uploads\/2024\/03\/pexels-franco-monsalvo-19406087-1200x800.jpg 1200w, https:\/\/cvit.hr\/wp-content\/uploads\/2024\/03\/pexels-franco-monsalvo-19406087-768x512.jpg 768w, https:\/\/cvit.hr\/wp-content\/uploads\/2024\/03\/pexels-franco-monsalvo-19406087-1536x1024.jpg 1536w, https:\/\/cvit.hr\/wp-content\/uploads\/2024\/03\/pexels-franco-monsalvo-19406087-2048x1365.jpg 2048w, https:\/\/cvit.hr\/wp-content\/uploads\/2024\/03\/pexels-franco-monsalvo-19406087-18x12.jpg 18w, https:\/\/cvit.hr\/wp-content\/uploads\/2024\/03\/pexels-franco-monsalvo-19406087-510x340.jpg 510w\" sizes=\"(max-width: 600px) 100vw, 600px\" \/>\t\t\t\t\t\t\t<\/a>\n  \t\t\t\t\t\t\t  \t\t\t\t\t\t\t  \t\t\t\t\t\t<\/div>\n  \t\t\t\t\t\t  \t\t\t\t\t<\/div>\n          \t\t\t\t\t<div class=\"box-text text-center\" >\n\t\t\t\t\t<div class=\"box-text-inner blog-post-inner\">\n\n\t\t\t\t\t\n\t\t\t\t\t\t\t\t\t\t<h5 class=\"post-title is-large\">\n\t\t\t\t\t\t<a href=\"https:\/\/cvit.hr\/de\/2024\/03\/11\/suplementarno-koristenje-cbd-ulja\/\" class=\"plain\">Suplementarno kori\u0161tenje CBD ulja<\/a>\n\t\t\t\t\t<\/h5>\n\t\t\t\t\t\t\t\t\t\t<div class=\"is-divider\"><\/div>\n\t\t\t\t\t\t\t\t\t\t<p class=\"from_the_blog_excerpt\">CBD ulje je pokazalo izuzetan terapijski potencijal u raznim bolestima i stanjima. Iako je potrebno [...]\t\t\t\t\t<\/p>\n\t\t\t\t\t                    \n\t\t\t\t\t\n\t\t\t\t\t\n\t\t\t\t\t<\/div>\n\t\t\t\t\t<\/div>\n\t\t\t\t\t\t\t\t\t\t\t\t\t\t\t\t<div class=\"badge absolute top post-date badge-outline\">\n\t\t\t\t\t\t\t<div class=\"badge-inner\">\n\t\t\t\t\t\t\t\t<span class=\"post-date-day\">11<\/span><br>\n\t\t\t\t\t\t\t\t<span class=\"post-date-month is-xsmall\">M\u00e4rz<\/span>\n\t\t\t\t\t\t\t<\/div>\n\t\t\t\t\t\t<\/div>\n\t\t\t\t\t\t\t\t\t<\/div>\n\t\t\t<\/div>\n\t\t<\/div><div class=\"col post-item\" >\n\t\t\t<div class=\"col-inner\">\n\t\t\t\t<div class=\"box box-text-bottom box-blog-post has-hover\">\n            \t\t\t\t\t<div class=\"box-image\" >\n  \t\t\t\t\t\t<div class=\"image-cover\" style=\"padding-top:180px;\">\n\t\t\t\t\t\t\t<a href=\"https:\/\/cvit.hr\/de\/2024\/02\/26\/terapijski-potencijal-endokanabidoidnog-sustava\/\" class=\"plain\" aria-label=\"Terapijski potencijal endokanabidoidnog sustava\">\n\t\t\t\t\t\t\t\t<img decoding=\"async\" width=\"600\" height=\"400\" src=\"https:\/\/cvit.hr\/wp-content\/uploads\/2023\/10\/Z4A9793-600x400.jpg\" class=\"attachment-medium size-medium wp-post-image\" alt=\"\" srcset=\"https:\/\/cvit.hr\/wp-content\/uploads\/2023\/10\/Z4A9793-600x400.jpg 600w, https:\/\/cvit.hr\/wp-content\/uploads\/2023\/10\/Z4A9793-scaled-510x340.jpg 510w, https:\/\/cvit.hr\/wp-content\/uploads\/2023\/10\/Z4A9793-1200x800.jpg 1200w, https:\/\/cvit.hr\/wp-content\/uploads\/2023\/10\/Z4A9793-768x512.jpg 768w, https:\/\/cvit.hr\/wp-content\/uploads\/2023\/10\/Z4A9793-1536x1024.jpg 1536w, https:\/\/cvit.hr\/wp-content\/uploads\/2023\/10\/Z4A9793-2048x1365.jpg 2048w, https:\/\/cvit.hr\/wp-content\/uploads\/2023\/10\/Z4A9793-18x12.jpg 18w\" sizes=\"(max-width: 600px) 100vw, 600px\" \/>\t\t\t\t\t\t\t<\/a>\n  \t\t\t\t\t\t\t  \t\t\t\t\t\t\t  \t\t\t\t\t\t<\/div>\n  \t\t\t\t\t\t  \t\t\t\t\t<\/div>\n          \t\t\t\t\t<div class=\"box-text text-center\" >\n\t\t\t\t\t<div class=\"box-text-inner blog-post-inner\">\n\n\t\t\t\t\t\n\t\t\t\t\t\t\t\t\t\t<h5 class=\"post-title is-large\">\n\t\t\t\t\t\t<a href=\"https:\/\/cvit.hr\/de\/2024\/02\/26\/terapijski-potencijal-endokanabidoidnog-sustava\/\" class=\"plain\">Terapijski potencijal endokanabidoidnog sustava<\/a>\n\t\t\t\t\t<\/h5>\n\t\t\t\t\t\t\t\t\t\t<div class=\"is-divider\"><\/div>\n\t\t\t\t\t\t\t\t\t\t<p class=\"from_the_blog_excerpt\">Endokanabinoidni sustav (ili endokanabinoidni sustav) je biolo\u0161ki sustav prisutan u tijelu sisavaca, uklju\u010duju\u0107i ljude. Ovaj [...]\t\t\t\t\t<\/p>\n\t\t\t\t\t                    \n\t\t\t\t\t\n\t\t\t\t\t\n\t\t\t\t\t<\/div>\n\t\t\t\t\t<\/div>\n\t\t\t\t\t\t\t\t\t\t\t\t\t\t\t\t<div class=\"badge absolute top post-date badge-outline\">\n\t\t\t\t\t\t\t<div class=\"badge-inner\">\n\t\t\t\t\t\t\t\t<span class=\"post-date-day\">26<\/span><br>\n\t\t\t\t\t\t\t\t<span class=\"post-date-month is-xsmall\">Feb.<\/span>\n\t\t\t\t\t\t\t<\/div>\n\t\t\t\t\t\t<\/div>\n\t\t\t\t\t\t\t\t\t<\/div>\n\t\t\t<\/div>\n\t\t<\/div><div class=\"col post-item\" >\n\t\t\t<div class=\"col-inner\">\n\t\t\t\t<div class=\"box box-text-bottom box-blog-post has-hover\">\n            \t\t\t\t\t<div class=\"box-image\" >\n  \t\t\t\t\t\t<div class=\"image-cover\" style=\"padding-top:180px;\">\n\t\t\t\t\t\t\t<a href=\"https:\/\/cvit.hr\/de\/2023\/12\/12\/kako-koristiti-cvit-ulje\/\" class=\"plain\" aria-label=\"Kako koristiti Cvit ulje?\">\n\t\t\t\t\t\t\t\t<img decoding=\"async\" width=\"653\" height=\"400\" src=\"https:\/\/cvit.hr\/wp-content\/uploads\/2023\/10\/Z4A9644-653x400.jpg\" class=\"attachment-medium size-medium wp-post-image\" alt=\"\" srcset=\"https:\/\/cvit.hr\/wp-content\/uploads\/2023\/10\/Z4A9644-653x400.jpg 653w, https:\/\/cvit.hr\/wp-content\/uploads\/2023\/10\/Z4A9644-1305x800.jpg 1305w, https:\/\/cvit.hr\/wp-content\/uploads\/2023\/10\/Z4A9644-768x471.jpg 768w, https:\/\/cvit.hr\/wp-content\/uploads\/2023\/10\/Z4A9644-1536x942.jpg 1536w, https:\/\/cvit.hr\/wp-content\/uploads\/2023\/10\/Z4A9644-2048x1255.jpg 2048w, https:\/\/cvit.hr\/wp-content\/uploads\/2023\/10\/Z4A9644-18x12.jpg 18w, https:\/\/cvit.hr\/wp-content\/uploads\/2023\/10\/Z4A9644-510x313.jpg 510w\" sizes=\"(max-width: 653px) 100vw, 653px\" \/>\t\t\t\t\t\t\t<\/a>\n  \t\t\t\t\t\t\t  \t\t\t\t\t\t\t  \t\t\t\t\t\t<\/div>\n  \t\t\t\t\t\t  \t\t\t\t\t<\/div>\n          \t\t\t\t\t<div class=\"box-text text-center\" >\n\t\t\t\t\t<div class=\"box-text-inner blog-post-inner\">\n\n\t\t\t\t\t\n\t\t\t\t\t\t\t\t\t\t<h5 class=\"post-title is-large\">\n\t\t\t\t\t\t<a href=\"https:\/\/cvit.hr\/de\/2023\/12\/12\/kako-koristiti-cvit-ulje\/\" class=\"plain\">Kako koristiti Cvit ulje?<\/a>\n\t\t\t\t\t<\/h5>\n\t\t\t\t\t\t\t\t\t\t<div class=\"is-divider\"><\/div>\n\t\t\t\t\t\t\t\t\t\t<p class=\"from_the_blog_excerpt\">Stigla je Va\u0161a prva bo\u010dica, no niste ba\u0161 sigurni kako koristiti CBD ulje? Budite bez [...]\t\t\t\t\t<\/p>\n\t\t\t\t\t                    \n\t\t\t\t\t\n\t\t\t\t\t\n\t\t\t\t\t<\/div>\n\t\t\t\t\t<\/div>\n\t\t\t\t\t\t\t\t\t\t\t\t\t\t\t\t<div class=\"badge absolute top post-date badge-outline\">\n\t\t\t\t\t\t\t<div class=\"badge-inner\">\n\t\t\t\t\t\t\t\t<span class=\"post-date-day\">12<\/span><br>\n\t\t\t\t\t\t\t\t<span class=\"post-date-month is-xsmall\">Dez.<\/span>\n\t\t\t\t\t\t\t<\/div>\n\t\t\t\t\t\t<\/div>\n\t\t\t\t\t\t\t\t\t<\/div>\n\t\t\t<\/div>\n\t\t<\/div><div class=\"col post-item\" >\n\t\t\t<div class=\"col-inner\">\n\t\t\t\t<div class=\"box box-text-bottom box-blog-post has-hover\">\n            \t\t\t\t\t<div class=\"box-image\" >\n  \t\t\t\t\t\t<div class=\"image-cover\" style=\"padding-top:180px;\">\n\t\t\t\t\t\t\t<a href=\"https:\/\/cvit.hr\/de\/2023\/12\/05\/psi-i-anksioznost\/\" class=\"plain\" aria-label=\"Psi i anksioznost\">\n\t\t\t\t\t\t\t\t<img decoding=\"async\" width=\"600\" height=\"400\" src=\"https:\/\/cvit.hr\/wp-content\/uploads\/2023\/12\/pexels-james-frid-1587242-600x400.jpg\" class=\"attachment-medium size-medium wp-post-image\" alt=\"\" srcset=\"https:\/\/cvit.hr\/wp-content\/uploads\/2023\/12\/pexels-james-frid-1587242-600x400.jpg 600w, https:\/\/cvit.hr\/wp-content\/uploads\/2023\/12\/pexels-james-frid-1587242-1200x800.jpg 1200w, https:\/\/cvit.hr\/wp-content\/uploads\/2023\/12\/pexels-james-frid-1587242-768x512.jpg 768w, https:\/\/cvit.hr\/wp-content\/uploads\/2023\/12\/pexels-james-frid-1587242-1536x1024.jpg 1536w, https:\/\/cvit.hr\/wp-content\/uploads\/2023\/12\/pexels-james-frid-1587242-2048x1365.jpg 2048w, https:\/\/cvit.hr\/wp-content\/uploads\/2023\/12\/pexels-james-frid-1587242-18x12.jpg 18w, https:\/\/cvit.hr\/wp-content\/uploads\/2023\/12\/pexels-james-frid-1587242-510x340.jpg 510w\" sizes=\"(max-width: 600px) 100vw, 600px\" \/>\t\t\t\t\t\t\t<\/a>\n  \t\t\t\t\t\t\t  \t\t\t\t\t\t\t  \t\t\t\t\t\t<\/div>\n  \t\t\t\t\t\t  \t\t\t\t\t<\/div>\n          \t\t\t\t\t<div class=\"box-text text-center\" >\n\t\t\t\t\t<div class=\"box-text-inner blog-post-inner\">\n\n\t\t\t\t\t\n\t\t\t\t\t\t\t\t\t\t<h5 class=\"post-title is-large\">\n\t\t\t\t\t\t<a href=\"https:\/\/cvit.hr\/de\/2023\/12\/05\/psi-i-anksioznost\/\" class=\"plain\">Psi i anksioznost<\/a>\n\t\t\t\t\t<\/h5>\n\t\t\t\t\t\t\t\t\t\t<div class=\"is-divider\"><\/div>\n\t\t\t\t\t\t\t\t\t\t<p class=\"from_the_blog_excerpt\">Anksioznost kod pasa je emocionalno stanje karakterizirano pretjeranim i neproporcionalnim strahom, tjeskobom ili nervozom. Sli\u010dno [...]\t\t\t\t\t<\/p>\n\t\t\t\t\t                    \n\t\t\t\t\t\n\t\t\t\t\t\n\t\t\t\t\t<\/div>\n\t\t\t\t\t<\/div>\n\t\t\t\t\t\t\t\t\t\t\t\t\t\t\t\t<div class=\"badge absolute top post-date badge-outline\">\n\t\t\t\t\t\t\t<div class=\"badge-inner\">\n\t\t\t\t\t\t\t\t<span class=\"post-date-day\">05<\/span><br>\n\t\t\t\t\t\t\t\t<span class=\"post-date-month is-xsmall\">Dez.<\/span>\n\t\t\t\t\t\t\t<\/div>\n\t\t\t\t\t\t<\/div>\n\t\t\t\t\t\t\t\t\t<\/div>\n\t\t\t<\/div>\n\t\t<\/div><div class=\"col post-item\" >\n\t\t\t<div class=\"col-inner\">\n\t\t\t\t<div class=\"box box-text-bottom box-blog-post has-hover\">\n            \t\t\t\t\t<div class=\"box-image\" >\n  \t\t\t\t\t\t<div class=\"image-cover\" style=\"padding-top:180px;\">\n\t\t\t\t\t\t\t<a href=\"https:\/\/cvit.hr\/de\/2023\/11\/27\/kanabidoidi\/\" class=\"plain\" aria-label=\"Kanabinoidi-najbolje iz prirode u CVIT bo\u010dici\">\n\t\t\t\t\t\t\t\t<img decoding=\"async\" width=\"533\" height=\"400\" src=\"https:\/\/cvit.hr\/wp-content\/uploads\/2023\/11\/pexels-kindel-media-7667908-533x400.jpg\" class=\"attachment-medium size-medium wp-post-image\" alt=\"\" srcset=\"https:\/\/cvit.hr\/wp-content\/uploads\/2023\/11\/pexels-kindel-media-7667908-533x400.jpg 533w, https:\/\/cvit.hr\/wp-content\/uploads\/2023\/11\/pexels-kindel-media-7667908-1067x800.jpg 1067w, https:\/\/cvit.hr\/wp-content\/uploads\/2023\/11\/pexels-kindel-media-7667908-768x576.jpg 768w, https:\/\/cvit.hr\/wp-content\/uploads\/2023\/11\/pexels-kindel-media-7667908-1536x1152.jpg 1536w, https:\/\/cvit.hr\/wp-content\/uploads\/2023\/11\/pexels-kindel-media-7667908-2048x1536.jpg 2048w, https:\/\/cvit.hr\/wp-content\/uploads\/2023\/11\/pexels-kindel-media-7667908-16x12.jpg 16w, https:\/\/cvit.hr\/wp-content\/uploads\/2023\/11\/pexels-kindel-media-7667908-510x383.jpg 510w\" sizes=\"(max-width: 533px) 100vw, 533px\" \/>\t\t\t\t\t\t\t<\/a>\n  \t\t\t\t\t\t\t  \t\t\t\t\t\t\t  \t\t\t\t\t\t<\/div>\n  \t\t\t\t\t\t  \t\t\t\t\t<\/div>\n          \t\t\t\t\t<div class=\"box-text text-center\" >\n\t\t\t\t\t<div class=\"box-text-inner blog-post-inner\">\n\n\t\t\t\t\t\n\t\t\t\t\t\t\t\t\t\t<h5 class=\"post-title is-large\">\n\t\t\t\t\t\t<a href=\"https:\/\/cvit.hr\/de\/2023\/11\/27\/kanabidoidi\/\" class=\"plain\">Kanabinoidi-najbolje iz prirode u CVIT bo\u010dici<\/a>\n\t\t\t\t\t<\/h5>\n\t\t\t\t\t\t\t\t\t\t<div class=\"is-divider\"><\/div>\n\t\t\t\t\t\t\t\t\t\t<p class=\"from_the_blog_excerpt\">\u0160to su kanabinoidi? Kanabinoidi su klasa spojeva koji se nalaze u biljci konoplje (Cannabis sativa), [...]\t\t\t\t\t<\/p>\n\t\t\t\t\t                    \n\t\t\t\t\t\n\t\t\t\t\t\n\t\t\t\t\t<\/div>\n\t\t\t\t\t<\/div>\n\t\t\t\t\t\t\t\t\t\t\t\t\t\t\t\t<div class=\"badge absolute top post-date badge-outline\">\n\t\t\t\t\t\t\t<div class=\"badge-inner\">\n\t\t\t\t\t\t\t\t<span class=\"post-date-day\">27<\/span><br>\n\t\t\t\t\t\t\t\t<span class=\"post-date-month is-xsmall\">Nov.<\/span>\n\t\t\t\t\t\t\t<\/div>\n\t\t\t\t\t\t<\/div>\n\t\t\t\t\t\t\t\t\t<\/div>\n\t\t\t<\/div>\n\t\t<\/div><div class=\"col post-item\" >\n\t\t\t<div class=\"col-inner\">\n\t\t\t\t<div class=\"box box-text-bottom box-blog-post has-hover\">\n            \t\t\t\t\t<div class=\"box-image\" >\n  \t\t\t\t\t\t<div class=\"image-cover\" style=\"padding-top:180px;\">\n\t\t\t\t\t\t\t<a href=\"https:\/\/cvit.hr\/de\/2023\/10\/21\/maslinovo-ulje-superiorni-nosac-cbd-ulja\/\" class=\"plain\" aria-label=\"Maslinovo ulje kao nosa\u010d CBD ulja\">\n\t\t\t\t\t\t\t\t<img decoding=\"async\" width=\"604\" height=\"400\" src=\"https:\/\/cvit.hr\/wp-content\/uploads\/2023\/10\/pexels-julia-sakelli-1047312-604x400.jpg\" class=\"attachment-medium size-medium wp-post-image\" alt=\"\" srcset=\"https:\/\/cvit.hr\/wp-content\/uploads\/2023\/10\/pexels-julia-sakelli-1047312-604x400.jpg 604w, https:\/\/cvit.hr\/wp-content\/uploads\/2023\/10\/pexels-julia-sakelli-1047312-1208x800.jpg 1208w, https:\/\/cvit.hr\/wp-content\/uploads\/2023\/10\/pexels-julia-sakelli-1047312-768x509.jpg 768w, https:\/\/cvit.hr\/wp-content\/uploads\/2023\/10\/pexels-julia-sakelli-1047312-1536x1017.jpg 1536w, https:\/\/cvit.hr\/wp-content\/uploads\/2023\/10\/pexels-julia-sakelli-1047312-2048x1356.jpg 2048w, https:\/\/cvit.hr\/wp-content\/uploads\/2023\/10\/pexels-julia-sakelli-1047312-18x12.jpg 18w, https:\/\/cvit.hr\/wp-content\/uploads\/2023\/10\/pexels-julia-sakelli-1047312-510x338.jpg 510w\" sizes=\"(max-width: 604px) 100vw, 604px\" \/>\t\t\t\t\t\t\t<\/a>\n  \t\t\t\t\t\t\t  \t\t\t\t\t\t\t  \t\t\t\t\t\t<\/div>\n  \t\t\t\t\t\t  \t\t\t\t\t<\/div>\n          \t\t\t\t\t<div class=\"box-text text-center\" >\n\t\t\t\t\t<div class=\"box-text-inner blog-post-inner\">\n\n\t\t\t\t\t\n\t\t\t\t\t\t\t\t\t\t<h5 class=\"post-title is-large\">\n\t\t\t\t\t\t<a href=\"https:\/\/cvit.hr\/de\/2023\/10\/21\/maslinovo-ulje-superiorni-nosac-cbd-ulja\/\" class=\"plain\">Maslinovo ulje kao nosa\u010d CBD ulja<\/a>\n\t\t\t\t\t<\/h5>\n\t\t\t\t\t\t\t\t\t\t<div class=\"is-divider\"><\/div>\n\t\t\t\t\t\t\t\t\t\t<p class=\"from_the_blog_excerpt\">CBD ulje se mora mije\u0161ati sa drugim uljem, kako bi smo postigli maskimalne benefite prilikom [...]\t\t\t\t\t<\/p>\n\t\t\t\t\t                    \n\t\t\t\t\t\n\t\t\t\t\t\n\t\t\t\t\t<\/div>\n\t\t\t\t\t<\/div>\n\t\t\t\t\t\t\t\t\t\t\t\t\t\t\t\t<div class=\"badge absolute top post-date badge-outline\">\n\t\t\t\t\t\t\t<div class=\"badge-inner\">\n\t\t\t\t\t\t\t\t<span class=\"post-date-day\">21<\/span><br>\n\t\t\t\t\t\t\t\t<span class=\"post-date-month is-xsmall\">Okt.<\/span>\n\t\t\t\t\t\t\t<\/div>\n\t\t\t\t\t\t<\/div>\n\t\t\t\t\t\t\t\t\t<\/div>\n\t\t\t<\/div>\n\t\t<\/div><div class=\"col post-item\" >\n\t\t\t<div class=\"col-inner\">\n\t\t\t\t<div class=\"box box-text-bottom box-blog-post has-hover\">\n            \t\t\t\t\t<div class=\"box-image\" >\n  \t\t\t\t\t\t<div class=\"image-cover\" style=\"padding-top:180px;\">\n\t\t\t\t\t\t\t<a href=\"https:\/\/cvit.hr\/de\/2023\/10\/21\/cbd-za-kucne-ljubimce\/\" class=\"plain\" aria-label=\"CBD za ku\u0107ne ljubimce\">\n\t\t\t\t\t\t\t\t<img decoding=\"async\" width=\"533\" height=\"400\" src=\"https:\/\/cvit.hr\/wp-content\/uploads\/2023\/04\/WhatsApp-Image-2023-03-06-at-12.26.39-533x400.jpeg\" class=\"attachment-medium size-medium wp-post-image\" alt=\"\" srcset=\"https:\/\/cvit.hr\/wp-content\/uploads\/2023\/04\/WhatsApp-Image-2023-03-06-at-12.26.39-533x400.jpeg 533w, https:\/\/cvit.hr\/wp-content\/uploads\/2023\/04\/WhatsApp-Image-2023-03-06-at-12.26.39-510x383.jpeg 510w, https:\/\/cvit.hr\/wp-content\/uploads\/2023\/04\/WhatsApp-Image-2023-03-06-at-12.26.39-1067x800.jpeg 1067w, https:\/\/cvit.hr\/wp-content\/uploads\/2023\/04\/WhatsApp-Image-2023-03-06-at-12.26.39-768x576.jpeg 768w, https:\/\/cvit.hr\/wp-content\/uploads\/2023\/04\/WhatsApp-Image-2023-03-06-at-12.26.39-16x12.jpeg 16w, https:\/\/cvit.hr\/wp-content\/uploads\/2023\/04\/WhatsApp-Image-2023-03-06-at-12.26.39.jpeg 1500w\" sizes=\"(max-width: 533px) 100vw, 533px\" \/>\t\t\t\t\t\t\t<\/a>\n  \t\t\t\t\t\t\t  \t\t\t\t\t\t\t  \t\t\t\t\t\t<\/div>\n  \t\t\t\t\t\t  \t\t\t\t\t<\/div>\n          \t\t\t\t\t<div class=\"box-text text-center\" >\n\t\t\t\t\t<div class=\"box-text-inner blog-post-inner\">\n\n\t\t\t\t\t\n\t\t\t\t\t\t\t\t\t\t<h5 class=\"post-title is-large\">\n\t\t\t\t\t\t<a href=\"https:\/\/cvit.hr\/de\/2023\/10\/21\/cbd-za-kucne-ljubimce\/\" class=\"plain\">CBD za ku\u0107ne ljubimce<\/a>\n\t\t\t\t\t<\/h5>\n\t\t\t\t\t\t\t\t\t\t<div class=\"is-divider\"><\/div>\n\t\t\t\t\t\t\t\t\t\t<p class=\"from_the_blog_excerpt\">Kako CBD ulje mo\u017ee pomo\u0107i ku\u0107nim ljubimcima? [...]\t\t\t\t\t<\/p>\n\t\t\t\t\t                    \n\t\t\t\t\t\n\t\t\t\t\t\n\t\t\t\t\t<\/div>\n\t\t\t\t\t<\/div>\n\t\t\t\t\t\t\t\t\t\t\t\t\t\t\t\t<div class=\"badge absolute top post-date badge-outline\">\n\t\t\t\t\t\t\t<div class=\"badge-inner\">\n\t\t\t\t\t\t\t\t<span class=\"post-date-day\">21<\/span><br>\n\t\t\t\t\t\t\t\t<span class=\"post-date-month is-xsmall\">Okt.<\/span>\n\t\t\t\t\t\t\t<\/div>\n\t\t\t\t\t\t<\/div>\n\t\t\t\t\t\t\t\t\t<\/div>\n\t\t\t<\/div>\n\t\t<\/div><\/div>","protected":false},"excerpt":{"rendered":"","protected":false},"author":1,"featured_media":0,"parent":0,"menu_order":0,"comment_status":"closed","ping_status":"closed","template":"","meta":{"footnotes":""},"class_list":["post-1439","page","type-page","status-publish","hentry"],"jetpack_sharing_enabled":true,"_links":{"self":[{"href":"https:\/\/cvit.hr\/de\/wp-json\/wp\/v2\/pages\/1439","targetHints":{"allow":["GET"]}}],"collection":[{"href":"https:\/\/cvit.hr\/de\/wp-json\/wp\/v2\/pages"}],"about":[{"href":"https:\/\/cvit.hr\/de\/wp-json\/wp\/v2\/types\/page"}],"author":[{"embeddable":true,"href":"https:\/\/cvit.hr\/de\/wp-json\/wp\/v2\/users\/1"}],"replies":[{"embeddable":true,"href":"https:\/\/cvit.hr\/de\/wp-json\/wp\/v2\/comments?post=1439"}],"version-history":[{"count":9,"href":"https:\/\/cvit.hr\/de\/wp-json\/wp\/v2\/pages\/1439\/revisions"}],"predecessor-version":[{"id":1510,"href":"https:\/\/cvit.hr\/de\/wp-json\/wp\/v2\/pages\/1439\/revisions\/1510"}],"wp:attachment":[{"href":"https:\/\/cvit.hr\/de\/wp-json\/wp\/v2\/media?parent=1439"}],"curies":[{"name":"wp","href":"https:\/\/api.w.org\/{rel}","templated":true}]}}