{"id":97,"date":"2015-11-20T13:46:21","date_gmt":"2015-11-20T13:46:21","guid":{"rendered":"http:\/\/flatsome.dev\/?page_id=3288"},"modified":"2024-06-15T20:39:50","modified_gmt":"2024-06-15T20:39:50","slug":"parallax-shop","status":"publish","type":"page","link":"https:\/\/cvit.hr\/de\/","title":{"rendered":"Parallax Shop"},"content":{"rendered":"<span class=\"scroll-to\" data-label=\"Scroll to: #po\u010detak\" data-bullet=\"true\" data-link=\"#po\u010detak\" data-title=\"Po\u010detak\" ><a name=\"po\u010detak\"><\/a><\/span>\n\n\n  <div class=\"banner has-hover is-full-height has-parallax\" id=\"banner-1143394747\">\n          <div class=\"banner-inner fill\">\n        <div class=\"banner-bg fill\" data-parallax=\"-9\" data-parallax-container=\".banner\" data-parallax-background>\n            <div class=\"bg fill bg-fill\"><\/div>\n                                    \n                    <\/div>\n\t\t\n        <div class=\"banner-layers container\">\n            <div class=\"fill banner-link\"><\/div>            \n\n   <div id=\"text-box-839674315\" class=\"text-box banner-layer x50 md-x50 lg-x50 y50 md-y50 lg-y50 res-text\">\n                                <div class=\"text-box-content text dark\">\n              \n              <div class=\"text-inner text-center\">\n                  \n\n<p><span style=\"font-size: 150%;\">OPG CVIT<\/span><\/p>\n<p>CBD proizvodi od lokalno uzgojene industrijske konoplje.<\/p>\n<a href=\"https:\/\/cvit.hr\/de\/kontakt\/\" target=\"_self\" class=\"button primary\"  style=\"border-radius:10px;\">\n    <span>SAznaj Vi\u0161e<\/span>\n  <\/a>\n\n\n\n              <\/div>\n           <\/div>\n                            \n<style>\n#text-box-839674315 {\n  width: 60%;\n}\n#text-box-839674315 .text-box-content {\n  font-size: 100%;\n}\n<\/style>\n    <\/div>\n \n\n        <\/div>\n      <\/div>\n\n            \n<style>\n#banner-1143394747 {\n  padding-top: 100%;\n}\n#banner-1143394747 .bg.bg-loaded {\n  background-image: url(https:\/\/cvit.hr\/wp-content\/uploads\/2024\/06\/IMGP9117-scaled.jpg);\n}\n#banner-1143394747 .overlay {\n  background-color: rgba(0, 0, 0, 0.3);\n}\n#banner-1143394747 .bg {\n  background-position: 16% 66%;\n}\n<\/style>\n  <\/div>\n\n\n<span class=\"scroll-to\" data-label=\"Scroll to: #proizvodi\" data-bullet=\"true\" data-link=\"#proizvodi\" data-title=\"Proizvodi\" ><a name=\"proizvodi\"><\/a><\/span>\n\n<span class=\"scroll-to\" data-label=\"Scroll to: #inspiracija-i-misija\" data-bullet=\"true\" data-link=\"#inspiracija-i-misija\" data-title=\"Inspiracija i misija\" ><a name=\"inspiracija-i-misija\"><\/a><\/span>\n\n\t<section class=\"section\" id=\"section_590890744\">\n\t\t<div class=\"bg section-bg fill bg-fill  bg-loaded\" >\n\n\t\t\t\n\t\t\t\n\t\t\t\n\n\t\t<\/div>\n\n\t\t\n\n\t\t<div class=\"section-content relative\">\n\t\t\t\n\n<div class=\"row row-collapse row-full-width align-middle\"  id=\"row-1616591499\">\n\n\n\t<div id=\"col-1935572471\" class=\"col medium-12 large-6\"  >\n\t\t\t\t<div class=\"col-inner\"  >\n\t\t\t\n\t\t\t\n\n\n  <div class=\"banner has-hover bg-zoom\" id=\"banner-1785993351\">\n          <div class=\"banner-inner fill\">\n        <div class=\"banner-bg fill\" >\n            <div class=\"bg fill bg-fill\"><\/div>\n                                    \n\t<div class=\"is-border\"\n\t\tstyle=\"border-width:10px 10px 10px 10px;margin:0px 0px 0px 0px;\">\n\t<\/div>\n                    <\/div>\n\t\t\n        <div class=\"banner-layers container\">\n            <div class=\"fill banner-link\"><\/div>            \n\n\n        <\/div>\n      <\/div>\n\n            \n<style>\n#banner-1785993351 {\n  padding-top: 300px;\n  background-color: rgba(255, 255, 255, 0);\n}\n#banner-1785993351 .bg.bg-loaded {\n  background-image: url(https:\/\/cvit.hr\/wp-content\/uploads\/2022\/11\/IMGP9085-scaled.jpg);\n}\n#banner-1785993351 .bg {\n  background-position: 45% 62%;\n}\n@media (min-width:550px) {\n  #banner-1785993351 {\n    padding-top: 500px;\n  }\n}\n@media (min-width:850px) {\n  #banner-1785993351 {\n    padding-top: 670px;\n  }\n}\n<\/style>\n  <\/div>\n\n\n\n\t\t<\/div>\n\t\t\t\t\t<\/div>\n\n\t\n\n\t<div id=\"col-1594485936\" class=\"col medium-12 large-6\"  >\n\t\t\t\t<div class=\"col-inner\"  >\n\t\t\t\n\t\t\t\n\n\t<div id=\"gap-2000987239\" class=\"gap-element clearfix\" style=\"display:block; height:auto;\">\n\t\t\n<style>\n#gap-2000987239 {\n  padding-top: 30px;\n}\n<\/style>\n\t<\/div>\n\t\n\n\t<div id=\"text-2366346819\" class=\"text\">\n\t\t\n\n<p>Unsere Mission und Inspiration<\/p>\n\t\t\n<style>\n#text-2366346819 {\n  font-size: 2rem;\n  line-height: 1;\n  text-align: center;\n}\n<\/style>\n\t<\/div>\n\t\n\t<div id=\"text-778983423\" class=\"text\">\n\t\t\n\n<p><strong>Na\u0161a misija je integriranje tradicionalnih metoda s modernim saznanjima, kako bismo dobili&nbsp;autenti\u010dnu lokalnu uzgojenu&nbsp;konoplju s najvi\u0161im mogu\u0107im ekolo\u0161kim standardom bez kori\u0161tenja agresivnih industrijskih metoda.&nbsp;<br><\/strong><\/p>\n\t\t\n<style>\n#text-778983423 {\n  font-size: 1.4rem;\n  line-height: 1.3;\n  text-align: center;\n}\n<\/style>\n\t<\/div>\n\t\n<a href=\"https:\/\/cvit.hr\/de\/onama\/\" target=\"_self\" class=\"button primary is-link is-large expand\"  style=\"padding:0px 0px 0px 0px;\">\n    <span>WEITERLESEN<\/span>\n  <\/a>\n\n\n\n\t\t<\/div>\n\t\t\t\t\n<style>\n#col-1594485936 > .col-inner {\n  padding: 20px 20px 20px 20px;\n}\n@media (min-width:550px) {\n  #col-1594485936 > .col-inner {\n    padding: 30px 50px 40px 50px;\n  }\n}\n@media (min-width:850px) {\n  #col-1594485936 > .col-inner {\n    padding: 0px 20% 0px 15%;\n  }\n}\n<\/style>\n\t<\/div>\n\n\t\n\n<\/div>\n\t<div id=\"gap-1840685045\" class=\"gap-element clearfix\" style=\"display:block; height:auto;\">\n\t\t\n<style>\n#gap-1840685045 {\n  padding-top: 30px;\n}\n<\/style>\n\t<\/div>\n\t\n\n\n\t\t<\/div>\n\n\t\t\n<style>\n#section_590890744 {\n  padding-top: 30px;\n  padding-bottom: 30px;\n}\n<\/style>\n\t<\/section>\n\t\n\t<section class=\"section info-card-1\" id=\"section_144900620\">\n\t\t<div class=\"bg section-bg fill bg-fill  bg-loaded\" >\n\n\t\t\t\n\t\t\t\n\t\t\t\n\n\t\t<\/div>\n\n\t\t\n\n\t\t<div class=\"section-content relative\">\n\t\t\t\n\n<span class=\"scroll-to\" data-label=\"Scroll to: #kreni-u-cbd-avanturu\" data-bullet=\"true\" data-link=\"#kreni-u-cbd-avanturu\" data-title=\"Kreni u CBD avanturu\" ><a name=\"kreni-u-cbd-avanturu\"><\/a><\/span>\n\n<div class=\"row\"  id=\"row-1279888765\">\n\n\n\t<div id=\"col-1967920327\" class=\"col small-12 large-12\"  >\n\t\t\t\t<div class=\"col-inner text-center\"  >\n\t\t\t\n\t\t\t\n\n<p><strong><span style=\"font-size: 200%; color: #333333;\">CBD PRODUKTE&nbsp;<\/span><\/strong><\/p>\n\n\t\t<\/div>\n\t\t\t\t\n<style>\n#col-1967920327 > .col-inner {\n  padding: 100px 0px 0px 0px;\n}\n<\/style>\n\t<\/div>\n\n\t\n\n<\/div>\n<div class=\"row row-small align-equal\"  id=\"row-792421701\">\n\n\n\t<div id=\"col-618703060\" class=\"col medium-4 small-12 large-4\"  >\n\t\t\t\t<div class=\"col-inner\"  >\n\t\t\t\n\t\t\t\n\n\t<div class=\"box has-hover   has-hover box-shadow-3 box-shadow-5-hover box-push box-text-bottom\" >\n\n\t\t<div class=\"box-image\" >\n\t\t\t<a href=\"#\" >\t\t\t<div class=\"image-zoom-long image-cover\" style=\"padding-top:70%;\">\n\t\t\t\t<img decoding=\"async\" width=\"2000\" height=\"2560\" src=\"https:\/\/cvit.hr\/wp-content\/uploads\/2023\/10\/Z4A9687-scaled.jpg\" class=\"attachment- size-\" alt=\"\" srcset=\"https:\/\/cvit.hr\/wp-content\/uploads\/2023\/10\/Z4A9687-scaled.jpg 2000w, https:\/\/cvit.hr\/wp-content\/uploads\/2023\/10\/Z4A9687-scaled-510x653.jpg 510w, https:\/\/cvit.hr\/wp-content\/uploads\/2023\/10\/Z4A9687-313x400.jpg 313w, https:\/\/cvit.hr\/wp-content\/uploads\/2023\/10\/Z4A9687-625x800.jpg 625w, https:\/\/cvit.hr\/wp-content\/uploads\/2023\/10\/Z4A9687-768x983.jpg 768w, https:\/\/cvit.hr\/wp-content\/uploads\/2023\/10\/Z4A9687-1200x1536.jpg 1200w, https:\/\/cvit.hr\/wp-content\/uploads\/2023\/10\/Z4A9687-1600x2048.jpg 1600w, https:\/\/cvit.hr\/wp-content\/uploads\/2023\/10\/Z4A9687-9x12.jpg 9w\" sizes=\"(max-width: 2000px) 100vw, 2000px\" \/>\t\t\t\t\t\t\t\t\t\t\t<\/div>\n\t\t\t<\/a>\t\t<\/div>\n\n\t\t<div class=\"box-text text-center\" style=\"background-color:rgb(255, 255, 255);padding:20px 5% 20px 5%;\">\n\t\t\t<div class=\"box-text-inner\">\n\t\t\t\t\n\n\t<div id=\"text-3140415878\" class=\"text\">\n\t\t\n\n<h4><strong>3% CBD \u00d6l<\/strong><\/h4>\n<p><span style=\"font-weight: 400;\">300mg\/10ml full spectrum CBD \u00d6l. <br>F\u00fcr Haustiere geeignet.<br><\/span><\/p>\n\t\t\n<style>\n#text-3140415878 {\n  line-height: 1.55;\n}\n<\/style>\n\t<\/div>\n\t\n<a href=\"https:\/\/cvit.hr\/de\/product\/cbd-ulje-3\/\" target=\"_self\" class=\"button primary is-underline\"  >\n    <span>MEHR<\/span>\n  <\/a>\n\n\n\n\t\t\t<\/div>\n\t\t<\/div>\n\t<\/div>\n\t\n\n\t\t<\/div>\n\t\t\t\t\t<\/div>\n\n\t\n\n\t<div id=\"col-266836720\" class=\"col medium-4 small-12 large-4\"  >\n\t\t\t\t<div class=\"col-inner\"  >\n\t\t\t\n\t\t\t\n\n\t<div class=\"box has-hover   has-hover box-shadow-3 box-push box-text-bottom\" >\n\n\t\t<div class=\"box-image\" >\n\t\t\t<a href=\"#\" >\t\t\t<div class=\"image-zoom-long image-cover\" style=\"padding-top:70%;\">\n\t\t\t\t<img decoding=\"async\" width=\"1957\" height=\"2560\" src=\"https:\/\/cvit.hr\/wp-content\/uploads\/2023\/10\/Z4A9679-scaled.jpg\" class=\"attachment- size-\" alt=\"\" srcset=\"https:\/\/cvit.hr\/wp-content\/uploads\/2023\/10\/Z4A9679-scaled.jpg 1957w, https:\/\/cvit.hr\/wp-content\/uploads\/2023\/10\/Z4A9679-scaled-510x667.jpg 510w, https:\/\/cvit.hr\/wp-content\/uploads\/2023\/10\/Z4A9679-306x400.jpg 306w, https:\/\/cvit.hr\/wp-content\/uploads\/2023\/10\/Z4A9679-612x800.jpg 612w, https:\/\/cvit.hr\/wp-content\/uploads\/2023\/10\/Z4A9679-768x1005.jpg 768w, https:\/\/cvit.hr\/wp-content\/uploads\/2023\/10\/Z4A9679-1174x1536.jpg 1174w, https:\/\/cvit.hr\/wp-content\/uploads\/2023\/10\/Z4A9679-1566x2048.jpg 1566w, https:\/\/cvit.hr\/wp-content\/uploads\/2023\/10\/Z4A9679-9x12.jpg 9w\" sizes=\"(max-width: 1957px) 100vw, 1957px\" \/>\t\t\t\t\t\t\t\t\t\t\t<\/div>\n\t\t\t<\/a>\t\t<\/div>\n\n\t\t<div class=\"box-text text-center\" style=\"background-color:rgb(255, 255, 255);padding:20px 5% 20px 5%;\">\n\t\t\t<div class=\"box-text-inner\">\n\t\t\t\t\n\n\t<div id=\"text-1500369604\" class=\"text\">\n\t\t\n\n<h4><strong>10% CBD \u00d6l<\/strong><\/h4>\n<p><span style=\"font-weight: 400;\">1000mg\/10ml full spectrum CBD \u00d6l. <br>F\u00fcr Haustiere geeignet.<\/span><\/p>\n\t\t\n<style>\n#text-1500369604 {\n  line-height: 1.55;\n}\n<\/style>\n\t<\/div>\n\t\n<a href=\"https:\/\/cvit.hr\/de\/product\/cbd-ulje-10\/\" target=\"_self\" class=\"button primary is-underline\"  >\n    <span>MEHR<\/span>\n  <\/a>\n\n\n\n\t\t\t<\/div>\n\t\t<\/div>\n\t<\/div>\n\t\n\n\t\t<\/div>\n\t\t\t\t\t<\/div>\n\n\t\n\n\t<div id=\"col-1087279622\" class=\"col medium-4 small-12 large-4\"  >\n\t\t\t\t<div class=\"col-inner\"  >\n\t\t\t\n\t\t\t\n\n\t<div class=\"box has-hover   has-hover box-shadow-3 box-shadow-5-hover box-push box-text-bottom\" >\n\n\t\t<div class=\"box-image\" >\n\t\t\t<a href=\"#\" >\t\t\t<div class=\"image-zoom-long image-cover\" style=\"padding-top:70%;\">\n\t\t\t\t<img decoding=\"async\" width=\"1907\" height=\"2560\" src=\"https:\/\/cvit.hr\/wp-content\/uploads\/2023\/10\/Z4A9697-scaled.jpg\" class=\"attachment- size-\" alt=\"\" srcset=\"https:\/\/cvit.hr\/wp-content\/uploads\/2023\/10\/Z4A9697-scaled.jpg 1907w, https:\/\/cvit.hr\/wp-content\/uploads\/2023\/10\/Z4A9697-scaled-510x685.jpg 510w, https:\/\/cvit.hr\/wp-content\/uploads\/2023\/10\/Z4A9697-298x400.jpg 298w, https:\/\/cvit.hr\/wp-content\/uploads\/2023\/10\/Z4A9697-596x800.jpg 596w, https:\/\/cvit.hr\/wp-content\/uploads\/2023\/10\/Z4A9697-768x1031.jpg 768w, https:\/\/cvit.hr\/wp-content\/uploads\/2023\/10\/Z4A9697-1144x1536.jpg 1144w, https:\/\/cvit.hr\/wp-content\/uploads\/2023\/10\/Z4A9697-1525x2048.jpg 1525w, https:\/\/cvit.hr\/wp-content\/uploads\/2023\/10\/Z4A9697-9x12.jpg 9w\" sizes=\"(max-width: 1907px) 100vw, 1907px\" \/>\t\t\t\t\t\t\t\t\t\t\t<\/div>\n\t\t\t<\/a>\t\t<\/div>\n\n\t\t<div class=\"box-text text-center\" style=\"background-color:rgb(255, 255, 255);padding:20px 5% 20px 5%;\">\n\t\t\t<div class=\"box-text-inner\">\n\t\t\t\t\n\n<h4><strong>20% CBD \u00d6l&nbsp;<\/strong><\/h4>\n<p><span style=\"font-weight: 400;\">2000mg\/10ml full spectrum CBD \u00d6l. <br \/>Geeignet f\u00fcr Haustiere gro\u00dfer Rassen.<br \/><\/span><\/p>\n<a href=\"https:\/\/cvit.hr\/de\/product\/cbd-ulje-20\/\" target=\"_self\" class=\"button primary is-underline\"  >\n    <span>MEHR<\/span>\n  <\/a>\n\n\n\n\t\t\t<\/div>\n\t\t<\/div>\n\t<\/div>\n\t\n\n\t\t<\/div>\n\t\t\t\t\t<\/div>\n\n\t\n\n\n<style>\n#row-792421701 > .col > .col-inner {\n  background-color: rgb(255,255,255);\n}\n<\/style>\n<\/div>\n<div class=\"row\"  id=\"row-1174339449\">\n\n\n\t<div id=\"col-765489479\" class=\"col medium-6 small-12 large-6\"  >\n\t\t\t\t<div class=\"col-inner\"  >\n\t\t\t\n\t\t\t\n\n\t<div class=\"box has-hover   has-hover box-shadow-3 box-shadow-5-hover box-push box-text-bottom\" >\n\n\t\t<div class=\"box-image\" >\n\t\t\t<a href=\"#\" >\t\t\t<div class=\"image-zoom-long image-cover\" style=\"padding-top:70%;\">\n\t\t\t\t<img decoding=\"async\" src=\"https:\/\/cvit.hr\/wp-content\/uploads\/2023\/04\/Untitled-design18.svg\" class=\"attachment- size-\" alt=\"\" \/>\t\t\t\t\t\t\t\t\t\t\t<\/div>\n\t\t\t<\/a>\t\t<\/div>\n\n\t\t<div class=\"box-text text-center\" style=\"background-color:rgb(255, 255, 255);padding:20px 5% 20px 5%;\">\n\t\t\t<div class=\"box-text-inner\">\n\t\t\t\t\n\n<h4><strong>BL\u00dcTE \"OMA STARK\"<\/strong><\/h4>\n<p><span style=\"font-weight: 400;\">5 g getrocknete CBD-Cannabisbl\u00fcten.<\/span><\/p>\n<a href=\"#\" target=\"_self\" class=\"button primary is-underline\"  >\n    <span>MEHR<\/span>\n  <\/a>\n\n\n\n\t\t\t<\/div>\n\t\t<\/div>\n\t<\/div>\n\t\n\n\t\t<\/div>\n\t\t\t\t\t<\/div>\n\n\t\n\n\t<div id=\"col-710042858\" class=\"col medium-6 small-12 large-6\"  >\n\t\t\t\t<div class=\"col-inner\"  >\n\t\t\t\n\t\t\t\n\n\t<div class=\"box has-hover   has-hover box-shadow-3 box-shadow-5-hover box-push box-text-bottom\" >\n\n\t\t<div class=\"box-image\" >\n\t\t\t<a href=\"#\" >\t\t\t<div class=\"image-zoom-long image-cover\" style=\"padding-top:70%;\">\n\t\t\t\t<img decoding=\"async\" width=\"2560\" height=\"1696\" src=\"https:\/\/cvit.hr\/wp-content\/uploads\/2022\/11\/IMGP9386-scaled.jpg\" class=\"attachment-original size-original\" alt=\"\" srcset=\"https:\/\/cvit.hr\/wp-content\/uploads\/2022\/11\/IMGP9386-scaled.jpg 2560w, https:\/\/cvit.hr\/wp-content\/uploads\/2022\/11\/IMGP9386-scaled-510x338.jpg 510w, https:\/\/cvit.hr\/wp-content\/uploads\/2022\/11\/IMGP9386-604x400.jpg 604w, https:\/\/cvit.hr\/wp-content\/uploads\/2022\/11\/IMGP9386-1208x800.jpg 1208w, https:\/\/cvit.hr\/wp-content\/uploads\/2022\/11\/IMGP9386-768x509.jpg 768w, https:\/\/cvit.hr\/wp-content\/uploads\/2022\/11\/IMGP9386-1536x1017.jpg 1536w, https:\/\/cvit.hr\/wp-content\/uploads\/2022\/11\/IMGP9386-2048x1356.jpg 2048w\" sizes=\"(max-width: 2560px) 100vw, 2560px\" \/>\t\t\t\t\t\t\t\t\t\t\t<\/div>\n\t\t\t<\/a>\t\t<\/div>\n\n\t\t<div class=\"box-text text-center\" style=\"background-color:rgb(255, 255, 255);padding:20px 5% 20px 5%;\">\n\t\t\t<div class=\"box-text-inner\">\n\t\t\t\t\n\n<h4><strong>KR\u00c4UTERTEE<\/strong><\/h4>\n<p><span style=\"font-weight: 400;\">Eine Mischung aus aromatischen Kr\u00e4utern und Hanfbl\u00e4ttern\/-bl\u00fcten f\u00fcr Tee.<\/span><\/p>\n<a href=\"https:\/\/cvit.hr\/de\/product\/caj-od-trava\/\" target=\"_self\" class=\"button primary is-underline\"  >\n    <span>MEHR<\/span>\n  <\/a>\n\n\n\n\t\t\t<\/div>\n\t\t<\/div>\n\t<\/div>\n\t\n\n\t\t<\/div>\n\t\t\t\t\t<\/div>\n\n\t\n\n<\/div>\n\n\t\t<\/div>\n\n\t\t\n<style>\n#section_144900620 {\n  padding-top: 100px;\n  padding-bottom: 100px;\n  background-color: rgb(244, 244, 244);\n}\n<\/style>\n\t<\/section>\n\t\n\n<div class=\"row\"  id=\"row-1290043419\">\n\n\n\t<div id=\"col-1622911171\" class=\"col medium-4 small-12 large-4\"  >\n\t\t\t\t<div class=\"col-inner\"  >\n\t\t\t\n\t\t\t\n\n\t<div class=\"box has-hover   has-hover box-shadow-5 box-text-bottom\" >\n\n\t\t<div class=\"box-image\" style=\"width:32%;\">\n\t\t\t\t\t\t<div class=\"\" >\n\t\t\t\t<img decoding=\"async\" src=\"https:\/\/cvit.hr\/wp-content\/uploads\/2023\/04\/pine8.svg\" class=\"attachment- size-\" alt=\"\" \/>\t\t\t\t\t\t\t\t\t\t\t<\/div>\n\t\t\t\t\t<\/div>\n\n\t\t<div class=\"box-text text-center\" >\n\t\t\t<div class=\"box-text-inner\">\n\t\t\t\t\n\n\t<div id=\"text-3231639427\" class=\"text\">\n\t\t\n\n<h4><span style=\"font-size: 160%;\">Permakultur und biologische Anbaupraktiken<\/span><\/h4>\n<p>&nbsp;<\/p>\n\t\t\n<style>\n#text-3231639427 {\n  line-height: 1.55;\n}\n<\/style>\n\t<\/div>\n\t\n\n\t\t\t<\/div>\n\t\t<\/div>\n\t<\/div>\n\t\n\n\t\t<\/div>\n\t\t\t\t\t<\/div>\n\n\t\n\n\t<div id=\"col-1529449359\" class=\"col medium-4 small-12 large-4\"  >\n\t\t\t\t<div class=\"col-inner\"  >\n\t\t\t\n\t\t\t\n\n\t<div class=\"box has-hover   has-hover box-shadow-5 box-text-bottom\" >\n\n\t\t<div class=\"box-image\" style=\"width:32%;\">\n\t\t\t\t\t\t<div class=\"\" >\n\t\t\t\t<img decoding=\"async\" src=\"https:\/\/cvit.hr\/wp-content\/uploads\/2023\/04\/Untitled-design11.svg\" class=\"attachment- size-\" alt=\"\" \/>\t\t\t\t\t\t\t\t\t\t\t<\/div>\n\t\t\t\t\t<\/div>\n\n\t\t<div class=\"box-text text-center\" >\n\t\t\t<div class=\"box-text-inner\">\n\t\t\t\t\n\n\t<div id=\"text-1135211822\" class=\"text\">\n\t\t\n\n<h4 class=\" translation-block\">St\u00e4rkt die Immunit\u00e4t<\/h4>\n<p>&nbsp;<\/p>\n\t\t\n<style>\n#text-1135211822 {\n  line-height: 1.55;\n}\n<\/style>\n\t<\/div>\n\t\n\n\t\t\t<\/div>\n\t\t<\/div>\n\t<\/div>\n\t\n\n\t\t<\/div>\n\t\t\t\t\t<\/div>\n\n\t\n\n\t<div id=\"col-1450350980\" class=\"col medium-4 small-12 large-4\"  >\n\t\t\t\t<div class=\"col-inner\"  >\n\t\t\t\n\t\t\t\n\n\t<div class=\"box has-hover   has-hover box-shadow-5 box-text-bottom\" >\n\n\t\t<div class=\"box-image\" style=\"width:32%;\">\n\t\t\t\t\t\t<div class=\"\" >\n\t\t\t\t<img decoding=\"async\" src=\"https:\/\/cvit.hr\/wp-content\/uploads\/2023\/04\/Untitled-design12.svg\" class=\"attachment- size-\" alt=\"\" \/>\t\t\t\t\t\t\t\t\t\t\t<\/div>\n\t\t\t\t\t<\/div>\n\n\t\t<div class=\"box-text text-center\" >\n\t\t\t<div class=\"box-text-inner\">\n\t\t\t\t\n\n\t<div id=\"text-613163023\" class=\"text\">\n\t\t\n\n<h4><span style=\"font-size: 160%;\">Getestet in einem unabh\u00e4ngigen Labor<br><\/span><\/h4>\n<p>&nbsp;<\/p>\n\t\t\n<style>\n#text-613163023 {\n  line-height: 1.55;\n}\n<\/style>\n\t<\/div>\n\t\n\n\t\t\t<\/div>\n\t\t<\/div>\n\t<\/div>\n\t\n\n\t\t<\/div>\n\t\t\t\t\t<\/div>\n\n\t\n\n\n<style>\n#row-1290043419 > .col > .col-inner {\n  padding: 0px 0px 50px 0px;\n}\n<\/style>\n<\/div>\n\t<section class=\"section dark has-parallax\" id=\"section_2037218826\">\n\t\t<div class=\"bg section-bg fill bg-fill\" data-parallax-container=\".section\" data-parallax-background data-parallax=\"-7\">\n\n\t\t\t\n\t\t\t<div class=\"section-bg-overlay absolute fill\"><\/div>\n\t\t\t\n\n\t\t<\/div>\n\n\t\t\n\n\t\t<div class=\"section-content relative\">\n\t\t\t\n\n\t<div id=\"gap-1852015761\" class=\"gap-element clearfix\" style=\"display:block; height:auto;\">\n\t\t\n<style>\n#gap-1852015761 {\n  padding-top: 50px;\n}\n<\/style>\n\t<\/div>\n\t\n\n<div class=\"row align-center\"  id=\"row-92411333\">\n\n\n\t<div id=\"col-2039199978\" class=\"col medium-9 small-12 large-6\"  >\n\t\t\t\t<div class=\"col-inner text-center\"  >\n\t\t\t\n\t\t\t\n\n<p>ERFORSCHEN SIE IHR POTENZIAL<\/p>\n\t<div id=\"text-3677473669\" class=\"text\">\n\t\t\n\n<p>Begleiten Sie uns auf ein CBD Abenteuer<\/p>\n\t\t\n<style>\n#text-3677473669 {\n  font-size: 2rem;\n}\n<\/style>\n\t<\/div>\n\t\n<a href=\"https:\/\/cvit.hr\/de\/shop\/\" target=\"_self\" class=\"button primary\"  >\n    <span>BESTELL HIER<\/span>\n  <\/a>\n\n\n\n\t\t<\/div>\n\t\t\t\t\t<\/div>\n\n\t\n\n<\/div>\n\n\t\t<\/div>\n\n\t\t\n<style>\n#section_2037218826 {\n  padding-top: 70px;\n  padding-bottom: 70px;\n  min-height: 400px;\n}\n#section_2037218826 .section-bg-overlay {\n  background-color: rgba(0, 0, 0, 0.3);\n}\n#section_2037218826 .section-bg.bg-loaded {\n  background-image: url(https:\/\/cvit.hr\/wp-content\/uploads\/2022\/11\/angelo-pantazis-zXVk8mNl9M0-unsplash.jpg);\n}\n#section_2037218826 .section-bg {\n  background-position: 64% 37%;\n}\n@media (min-width:550px) {\n  #section_2037218826 {\n    min-height: 500px;\n  }\n}\n<\/style>\n\t<\/section>","protected":false},"excerpt":{"rendered":"","protected":false},"author":1,"featured_media":51,"parent":0,"menu_order":3,"comment_status":"closed","ping_status":"closed","template":"page-blank.php","meta":{"footnotes":""},"class_list":["post-97","page","type-page","status-publish","has-post-thumbnail","hentry"],"jetpack_sharing_enabled":true,"_links":{"self":[{"href":"https:\/\/cvit.hr\/de\/wp-json\/wp\/v2\/pages\/97","targetHints":{"allow":["GET"]}}],"collection":[{"href":"https:\/\/cvit.hr\/de\/wp-json\/wp\/v2\/pages"}],"about":[{"href":"https:\/\/cvit.hr\/de\/wp-json\/wp\/v2\/types\/page"}],"author":[{"embeddable":true,"href":"https:\/\/cvit.hr\/de\/wp-json\/wp\/v2\/users\/1"}],"replies":[{"embeddable":true,"href":"https:\/\/cvit.hr\/de\/wp-json\/wp\/v2\/comments?post=97"}],"version-history":[{"count":93,"href":"https:\/\/cvit.hr\/de\/wp-json\/wp\/v2\/pages\/97\/revisions"}],"predecessor-version":[{"id":1652,"href":"https:\/\/cvit.hr\/de\/wp-json\/wp\/v2\/pages\/97\/revisions\/1652"}],"wp:featuredmedia":[{"embeddable":true,"href":"https:\/\/cvit.hr\/de\/wp-json\/wp\/v2\/media\/51"}],"wp:attachment":[{"href":"https:\/\/cvit.hr\/de\/wp-json\/wp\/v2\/media?parent=97"}],"curies":[{"name":"wp","href":"https:\/\/api.w.org\/{rel}","templated":true}]}}