{"id":941,"date":"2023-03-28T13:21:13","date_gmt":"2023-03-28T13:21:13","guid":{"rendered":"https:\/\/cvit.hr\/?post_type=product&#038;p=941"},"modified":"2024-09-26T10:07:52","modified_gmt":"2024-09-26T10:07:52","slug":"caj-od-trava","status":"publish","type":"product","link":"https:\/\/cvit.hr\/de\/product\/caj-od-trava\/","title":{"rendered":"KR\u00c4UTERTEE"},"content":{"rendered":"<p>Eine Mischung aus aromatischen Kr\u00e4utern und Hanfbl\u00e4ttern\/-bl\u00fcten f\u00fcr Tee.<\/p>\n<p>In der Antike wurden Entz\u00fcndungen, Fieber, Schlaflosigkeit, Warzen und Haarausfall mit Hanftee behandelt. Hanf hat eine wohltuende Wirkung auf unseren K\u00f6rper: Es reduziert schlechtes Cholesterin und reguliert den Blutdruck, verbessert die Durchblutung und Immunit\u00e4t, erh\u00f6ht die Energie und reguliert eine optimale Blutzuckerkontrolle.<\/p>\n<p>Zusammensetzung: getrocknetes Hanfblatt (60%), getrocknetes Minzblatt (20%), getrockneter Thymian (15%), getrocknetes Majoranblatt (5%).<\/p>","protected":false},"excerpt":{"rendered":"<p>Eine Mischung aus aromatischen Kr\u00e4utern und Hanfbl\u00e4ttern\/-bl\u00fcten f\u00fcr Tee.<\/p>\n<p>In der Antike wurden Entz\u00fcndungen, Fieber, Schlaflosigkeit, Warzen und Haarausfall mit Hanftee behandelt. Hanf hat eine wohltuende Wirkung auf unseren K\u00f6rper: Es reduziert schlechtes Cholesterin und reguliert den Blutdruck, verbessert die Durchblutung und Immunit\u00e4t, erh\u00f6ht die Energie und reguliert eine optimale Blutzuckerkontrolle.<\/p>\n<p>Zusammensetzung: getrocknetes Hanfblatt (60%), getrocknetes Minzblatt (20%), getrockneter Thymian (15%), getrocknetes Majoranblatt (5%).<\/p>","protected":false},"featured_media":519,"template":"","meta":[],"product_brand":[],"product_cat":[73],"product_tag":[],"class_list":{"0":"post-941","1":"product","2":"type-product","3":"status-publish","4":"has-post-thumbnail","6":"product_cat-tea","8":"first","9":"instock","10":"shipping-taxable","11":"purchasable","12":"product-type-simple"},"jetpack_sharing_enabled":true,"_links":{"self":[{"href":"https:\/\/cvit.hr\/de\/wp-json\/wp\/v2\/product\/941","targetHints":{"allow":["GET"]}}],"collection":[{"href":"https:\/\/cvit.hr\/de\/wp-json\/wp\/v2\/product"}],"about":[{"href":"https:\/\/cvit.hr\/de\/wp-json\/wp\/v2\/types\/product"}],"wp:featuredmedia":[{"embeddable":true,"href":"https:\/\/cvit.hr\/de\/wp-json\/wp\/v2\/media\/519"}],"wp:attachment":[{"href":"https:\/\/cvit.hr\/de\/wp-json\/wp\/v2\/media?parent=941"}],"wp:term":[{"taxonomy":"product_brand","embeddable":true,"href":"https:\/\/cvit.hr\/de\/wp-json\/wp\/v2\/product_brand?post=941"},{"taxonomy":"product_cat","embeddable":true,"href":"https:\/\/cvit.hr\/de\/wp-json\/wp\/v2\/product_cat?post=941"},{"taxonomy":"product_tag","embeddable":true,"href":"https:\/\/cvit.hr\/de\/wp-json\/wp\/v2\/product_tag?post=941"}],"curies":[{"name":"wp","href":"https:\/\/api.w.org\/{rel}","templated":true}]}}