{"id":691,"date":"2023-07-17T11:45:00","date_gmt":"2023-07-17T11:45:00","guid":{"rendered":"https:\/\/cvit.hr\/?page_id=691"},"modified":"2023-10-03T14:15:53","modified_gmt":"2023-10-03T14:15:53","slug":"kontakt","status":"publish","type":"page","link":"https:\/\/cvit.hr\/en\/kontakt\/","title":{"rendered":"CONTACT"},"content":{"rendered":"<div class=\"row row-collapse row-full-width\"  id=\"row-1468482152\">\n\n\n\t<div id=\"col-680051756\" class=\"col small-12 large-12\"  >\n\t\t\t\t<div class=\"col-inner\"  >\n\t\t\t\n\t\t\t\n\n\t<section class=\"section\" id=\"section_1812368570\">\n\t\t<div class=\"bg section-bg fill bg-fill\" >\n\n\t\t\t\n\t\t\t<div class=\"section-bg-overlay absolute fill\"><\/div>\n\t\t\t\n\n\t\t<\/div>\n\n\t\t\n\n\t\t<div class=\"section-content relative\">\n\t\t\t\n\n<div class=\"row row-collapse align-center\" style=\"max-width:\" id=\"row-2032311736\">\n\n\n\t<div id=\"col-1997595110\" class=\"col small-12 large-12\"  >\n\t\t\t\t<div class=\"col-inner text-center dark\"  >\n\t\t\t\n\t\t\t\n\n\n\t\t<\/div>\n\t\t\t\t\n<style>\n#col-1997595110 > .col-inner {\n  padding: 100px 20px 200px 0px;\n}\n@media (min-width:550px) {\n  #col-1997595110 > .col-inner {\n    padding: 100px 0px 200px 0px;\n  }\n}\n<\/style>\n\t<\/div>\n\n\t\n\n<\/div>\n\n\t\t<\/div>\n\n\t\t\n<style>\n#section_1812368570 {\n  padding-top: 0px;\n  padding-bottom: 0px;\n  min-height: 0px;\n}\n#section_1812368570 .section-bg-overlay {\n  background-color: rgba(0, 0, 0, 0.12);\n}\n#section_1812368570 .section-bg.bg-loaded {\n  background-image: url(https:\/\/cvit.hr\/wp-content\/uploads\/2023\/04\/WhatsApp-Image-2023-03-06-at-12.26.39.jpeg);\n}\n#section_1812368570 .section-bg {\n  background-position: 59% 75%;\n}\n@media (min-width:550px) {\n  #section_1812368570 {\n    padding-top: 0px;\n    padding-bottom: 0px;\n  }\n  #section_1812368570 .section-bg-overlay {\n    background-color: rgba(0, 0, 0, 0.21);\n  }\n}\n@media (min-width:850px) {\n  #section_1812368570 {\n    padding-top: 100px;\n    padding-bottom: 100px;\n  }\n  #section_1812368570 .section-bg-overlay {\n    background-color: rgba(0, 0, 0, 0.12);\n  }\n}\n<\/style>\n\t<\/section>\n\t\n\n\t\t<\/div>\n\t\t\t\t\n<style>\n#col-680051756 > .col-inner {\n  padding: 0px 30px 0px 30px;\n}\n<\/style>\n\t<\/div>\n\n\t\n\n<\/div>\n<div class=\"row row-large\" style=\"max-width:1400px\" id=\"row-1492960530\">\n\n\n\t<div id=\"col-420065617\" class=\"col small-12 large-12\"  >\n\t\t\t\t<div class=\"col-inner\" style=\"background-color:rgb(255, 255, 255);\" >\n\t\t\t\n\t\t\t\n\n<div class=\"row row-collapse row-full-width align-center\"  id=\"row-654323206\">\n\n\n\t<div id=\"col-1251597961\" class=\"col medium-12 small-12 large-6\"  >\n\t\t\t\t<div class=\"col-inner\"  >\n\t\t\t\n\t\t\t\n\n\t<div id=\"text-3689662658\" class=\"text\">\n\t\t\n\n<h2><span style=\"font-size: 120%;\">Kontaktirajte nas<\/span><\/h2>\n<p>Bilo da imate pitanja o na\u0161im proizvodima, \u017eelite saznati vi\u0161e o na\u0161em radu ili jednostavno \u017eelite poslati komentar, veselimo se va\u0161oj poruci.<\/p>\n\t\t\n<style>\n#text-3689662658 {\n  text-align: center;\n}\n<\/style>\n\t<\/div>\n\t\n\t<div id=\"gap-1899143237\" class=\"gap-element clearfix\" style=\"display:block; height:auto;\">\n\t\t\n<style>\n#gap-1899143237 {\n  padding-top: 20px;\n}\n@media (min-width:550px) {\n  #gap-1899143237 {\n    padding-top: 20px;\n  }\n}\n@media (min-width:850px) {\n  #gap-1899143237 {\n    padding-top: 30px;\n  }\n}\n<\/style>\n\t<\/div>\n\t\n\n<div class=\"row\"  id=\"row-564916954\">\n\n\n\t<div id=\"col-1551108152\" class=\"col medium-6 small-12 large-6\"  >\n\t\t\t\t<div class=\"col-inner\"  >\n\t\t\t\n\t\t\t\n\n\t<div class=\"img has-hover x md-x lg-x y md-y lg-y\" id=\"image_834976816\">\n\t\t\t\t\t\t\t\t<div class=\"img-inner dark\" >\n\t\t\t<img decoding=\"async\" width=\"240\" height=\"240\" src=\"https:\/\/cvit.hr\/wp-content\/uploads\/2023\/07\/map-pin-2-fill-2.png\" class=\"attachment-large size-large\" alt=\"\" srcset=\"https:\/\/cvit.hr\/wp-content\/uploads\/2023\/07\/map-pin-2-fill-2.png 240w, https:\/\/cvit.hr\/wp-content\/uploads\/2023\/07\/map-pin-2-fill-2-100x100.png 100w, https:\/\/cvit.hr\/wp-content\/uploads\/2023\/07\/map-pin-2-fill-2-12x12.png 12w\" sizes=\"(max-width: 240px) 100vw, 240px\" \/>\t\t\t\t\t\t\n\t\t\t\t\t<\/div>\n\t\t\t\t\t\t\t\t\n<style>\n#image_834976816 {\n  width: 15%;\n}\n@media (min-width:550px) {\n  #image_834976816 {\n    width: 20%;\n  }\n}\n<\/style>\n\t<\/div>\n\t\n\n<h3 class=\"uppercase\">ADRESA<\/h3>\n<p>Lumbarda 292<br \/>Lumbarda 20263<br \/>Otok Kor\u010dula<\/p>\n\n\t\t<\/div>\n\t\t\t\t\t<\/div>\n\n\t\n\n\t<div id=\"col-774604787\" class=\"col medium-5 small-12 large-6\"  >\n\t\t\t\t<div class=\"col-inner\"  >\n\t\t\t\n\t\t\t\n\n\t<div class=\"img has-hover x md-x lg-x y md-y lg-y\" id=\"image_1729346624\">\n\t\t\t\t\t\t\t\t<div class=\"img-inner dark\" >\n\t\t\t<img decoding=\"async\" width=\"240\" height=\"240\" src=\"https:\/\/cvit.hr\/wp-content\/uploads\/2023\/07\/time-fill.png\" class=\"attachment-large size-large\" alt=\"\" srcset=\"https:\/\/cvit.hr\/wp-content\/uploads\/2023\/07\/time-fill.png 240w, https:\/\/cvit.hr\/wp-content\/uploads\/2023\/07\/time-fill-100x100.png 100w, https:\/\/cvit.hr\/wp-content\/uploads\/2023\/07\/time-fill-12x12.png 12w\" sizes=\"(max-width: 240px) 100vw, 240px\" \/>\t\t\t\t\t\t\n\t\t\t\t\t<\/div>\n\t\t\t\t\t\t\t\t\n<style>\n#image_1729346624 {\n  width: 15%;\n}\n@media (min-width:550px) {\n  #image_1729346624 {\n    width: 20%;\n  }\n}\n<\/style>\n\t<\/div>\n\t\n\n<h3 class=\"uppercase\">RADNO VRIJEME<\/h3>\n<p>Pon-Pet: 10h&nbsp; &#8211; 18h<br \/>Subota:&nbsp;&nbsp;&nbsp;&nbsp; 8h&nbsp; &#8211; 21h<br \/>Nedelja:&nbsp;&nbsp;&nbsp; 9h&nbsp; &#8211; 22h<\/p>\n\n\t\t<\/div>\n\t\t\t\t\t<\/div>\n\n\t\n\n<\/div>\n<div class=\"row\"  id=\"row-1775041977\">\n\n\n\t<div id=\"col-695807564\" class=\"col medium-6 small-12 large-6\"  >\n\t\t\t\t<div class=\"col-inner\"  >\n\t\t\t\n\t\t\t\n\n\t<div class=\"img has-hover x md-x lg-x y md-y lg-y\" id=\"image_310775636\">\n\t\t\t\t\t\t\t\t<div class=\"img-inner dark\" >\n\t\t\t<img decoding=\"async\" width=\"240\" height=\"240\" src=\"https:\/\/cvit.hr\/wp-content\/uploads\/2023\/07\/mail-open-fill.png\" class=\"attachment-large size-large\" alt=\"\" srcset=\"https:\/\/cvit.hr\/wp-content\/uploads\/2023\/07\/mail-open-fill.png 240w, https:\/\/cvit.hr\/wp-content\/uploads\/2023\/07\/mail-open-fill-100x100.png 100w, https:\/\/cvit.hr\/wp-content\/uploads\/2023\/07\/mail-open-fill-12x12.png 12w\" sizes=\"(max-width: 240px) 100vw, 240px\" \/>\t\t\t\t\t\t\n\t\t\t\t\t<\/div>\n\t\t\t\t\t\t\t\t\n<style>\n#image_310775636 {\n  width: 15%;\n}\n@media (min-width:550px) {\n  #image_310775636 {\n    width: 20%;\n  }\n}\n<\/style>\n\t<\/div>\n\t\n\n<h3 class=\"uppercase\">E-mail<\/h3>\n<p>info@cvit.hr<\/p>\n\n\t\t<\/div>\n\t\t\t\t\t<\/div>\n\n\t\n\n\t<div id=\"col-1137559785\" class=\"col medium-6 small-12 large-6\"  >\n\t\t\t\t<div class=\"col-inner\"  >\n\t\t\t\n\t\t\t\n\n\t<div class=\"img has-hover x md-x lg-x y md-y lg-y\" id=\"image_570807004\">\n\t\t\t\t\t\t\t\t<div class=\"img-inner dark\" >\n\t\t\t<img decoding=\"async\" width=\"240\" height=\"240\" src=\"https:\/\/cvit.hr\/wp-content\/uploads\/2023\/07\/phone-fill.png\" class=\"attachment-large size-large\" alt=\"\" srcset=\"https:\/\/cvit.hr\/wp-content\/uploads\/2023\/07\/phone-fill.png 240w, https:\/\/cvit.hr\/wp-content\/uploads\/2023\/07\/phone-fill-100x100.png 100w, https:\/\/cvit.hr\/wp-content\/uploads\/2023\/07\/phone-fill-12x12.png 12w\" sizes=\"(max-width: 240px) 100vw, 240px\" \/>\t\t\t\t\t\t\n\t\t\t\t\t<\/div>\n\t\t\t\t\t\t\t\t\n<style>\n#image_570807004 {\n  width: 15%;\n}\n@media (min-width:550px) {\n  #image_570807004 {\n    width: 20%;\n  }\n}\n<\/style>\n\t<\/div>\n\t\n\n<h3 class=\"uppercase\">MOBITEL<\/h3>\n<p>+385 97 7535 587<\/p>\n\n\t\t<\/div>\n\t\t\t\t\t<\/div>\n\n\t\n\n<\/div>\n\n\t\t<\/div>\n\t\t\t\t\n<style>\n#col-1251597961 > .col-inner {\n  padding: 0px 0px 0px 20px;\n}\n<\/style>\n\t<\/div>\n\n\t\n\n\n<style>\n#row-654323206 > .col > .col-inner {\n  padding: 0px 15px 0px 15px;\n}\n<\/style>\n<\/div>\n\n\t\t<\/div>\n\t\t\t\t\n<style>\n#col-420065617 > .col-inner {\n  padding: 50px 20px 0px 20px;\n  margin: -0 0px 0px 0px;\n}\n@media (min-width:550px) {\n  #col-420065617 > .col-inner {\n    padding: 50px 20px 30px 20px;\n    margin: 0 0px 0px 0px;\n  }\n}\n@media (min-width:850px) {\n  #col-420065617 > .col-inner {\n    padding: 66px 5% 16px 5%;\n    margin: -135px 0px 0px 0px;\n  }\n}\n<\/style>\n\t<\/div>\n\n\t\n\n<\/div>\n<div class=\"row row-collapse row-full-width\"  id=\"row-1835102649\">\n\n\n\t<div id=\"col-1735599064\" class=\"col small-12 large-12\"  >\n\t\t\t\t<div class=\"col-inner\"  >\n\t\t\t\n\t\t\t\n\n\t<section class=\"section\" id=\"section_777460971\">\n\t\t<div class=\"bg section-bg fill bg-fill\" >\n\n\t\t\t\n\t\t\t<div class=\"section-bg-overlay absolute fill\"><\/div>\n\t\t\t\n\n\t\t<\/div>\n\n\t\t\n\n\t\t<div class=\"section-content relative\">\n\t\t\t\n\n<div class=\"row row-collapse align-center\" style=\"max-width:\" id=\"row-162256865\">\n\n\n\t<div id=\"col-1385379653\" class=\"col small-12 large-12\"  >\n\t\t\t\t<div class=\"col-inner text-center dark\"  >\n\t\t\t\n\t\t\t\n\n\n\t\t<\/div>\n\t\t\t\t\n<style>\n#col-1385379653 > .col-inner {\n  padding: 100px 20px 200px 0px;\n}\n@media (min-width:550px) {\n  #col-1385379653 > .col-inner {\n    padding: 100px 0px 200px 0px;\n  }\n}\n<\/style>\n\t<\/div>\n\n\t\n\n<\/div>\n\n\t\t<\/div>\n\n\t\t\n<style>\n#section_777460971 {\n  padding-top: 0px;\n  padding-bottom: 0px;\n}\n#section_777460971 .section-bg-overlay {\n  background-color: rgba(0, 0, 0, 0.12);\n}\n#section_777460971 .section-bg.bg-loaded {\n  background-image: url(https:\/\/cvit.hr\/wp-content\/uploads\/2023\/10\/Z4A9780-scaled.jpg);\n}\n#section_777460971 .section-bg {\n  background-position: 46% 70%;\n}\n@media (min-width:550px) {\n  #section_777460971 {\n    padding-top: 0px;\n    padding-bottom: 0px;\n  }\n  #section_777460971 .section-bg-overlay {\n    background-color: rgba(0, 0, 0, 0.21);\n  }\n}\n@media (min-width:850px) {\n  #section_777460971 {\n    padding-top: 255px;\n    padding-bottom: 255px;\n  }\n  #section_777460971 .section-bg-overlay {\n    background-color: rgba(0, 0, 0, 0.12);\n  }\n}\n<\/style>\n\t<\/section>\n\t\n\n\t\t<\/div>\n\t\t\t\t\n<style>\n#col-1735599064 > .col-inner {\n  padding: 0px 30px 0px 30px;\n}\n<\/style>\n\t<\/div>\n\n\t\n\n<\/div>","protected":false},"excerpt":{"rendered":"","protected":false},"author":1,"featured_media":0,"parent":0,"menu_order":0,"comment_status":"closed","ping_status":"closed","template":"","meta":{"footnotes":""},"class_list":["post-691","page","type-page","status-publish","hentry"],"jetpack_sharing_enabled":true,"_links":{"self":[{"href":"https:\/\/cvit.hr\/en\/wp-json\/wp\/v2\/pages\/691","targetHints":{"allow":["GET"]}}],"collection":[{"href":"https:\/\/cvit.hr\/en\/wp-json\/wp\/v2\/pages"}],"about":[{"href":"https:\/\/cvit.hr\/en\/wp-json\/wp\/v2\/types\/page"}],"author":[{"embeddable":true,"href":"https:\/\/cvit.hr\/en\/wp-json\/wp\/v2\/users\/1"}],"replies":[{"embeddable":true,"href":"https:\/\/cvit.hr\/en\/wp-json\/wp\/v2\/comments?post=691"}],"version-history":[{"count":12,"href":"https:\/\/cvit.hr\/en\/wp-json\/wp\/v2\/pages\/691\/revisions"}],"predecessor-version":[{"id":1273,"href":"https:\/\/cvit.hr\/en\/wp-json\/wp\/v2\/pages\/691\/revisions\/1273"}],"wp:attachment":[{"href":"https:\/\/cvit.hr\/en\/wp-json\/wp\/v2\/media?parent=691"}],"curies":[{"name":"wp","href":"https:\/\/api.w.org\/{rel}","templated":true}]}}